{"id":1026,"date":"2026-04-06T09:16:09","date_gmt":"2026-04-06T07:16:09","guid":{"rendered":"https:\/\/alabaosolutions.com\/?page_id=1026"},"modified":"2026-04-07T14:33:48","modified_gmt":"2026-04-07T12:33:48","slug":"elementor-page-1026","status":"publish","type":"page","link":"https:\/\/alabaosolutions.com\/?page_id=1026","title":{"rendered":"Conversion"},"content":{"rendered":"\t\t<div data-elementor-type=\"wp-page\" data-elementor-id=\"1026\" class=\"elementor elementor-1026\" data-elementor-post-type=\"page\">\n\t\t\t\t<div class=\"elementor-element elementor-element-827ed06 e-flex e-con-boxed e-con e-parent\" data-id=\"827ed06\" data-element_type=\"container\" data-e-type=\"container\">\n\t\t\t\t\t<div class=\"e-con-inner\">\n\t\t<div class=\"elementor-element elementor-element-d68dcca e-con-full e-flex e-con e-child\" data-id=\"d68dcca\" data-element_type=\"container\" data-e-type=\"container\">\n\t\t\t\t<div class=\"elementor-element elementor-element-4450a0e elementor-widget__width-initial elementor-widget elementor-widget-heading\" data-id=\"4450a0e\" data-element_type=\"widget\" data-e-type=\"widget\" data-widget_type=\"heading.default\">\n\t\t\t\t\t<h2 class=\"elementor-heading-title elementor-size-default\">\ud83d\udcc8 Optimisation de la conversion pour maximiser vos r\u00e9sultats<\/h2>\t\t\t\t<\/div>\n\t\t\t\t<\/div>\n\t\t<div class=\"elementor-element elementor-element-8c9e6fb e-con-full e-flex e-con e-child\" data-id=\"8c9e6fb\" data-element_type=\"container\" data-e-type=\"container\">\n\t\t\t\t\t\t  \t<video\n    data-id=\"9ab9e8b\" data-interaction-id=\"9ab9e8b\"\n    data-e-type=\"e-self-hosted-video\" data-interactions=\"null\"\n    \n    class=\"e-9ab9e8b-4a2867d e-self-hosted-video-base\"\n    data-e-type=\"widget\" data-id=\"9ab9e8b\"\n\t\tclass=\"e-self-hosted-video-base\"\n\t\t\t\tautoplay\t\tmuted\t\tloop\t\t\t\tplaysinline\t\tcontrolslist=\"nodownload\"\t\tpreload=\"metadata\"\n\t>\n\t\t<source src=\"https:\/\/alabaosolutions.com\/wp-content\/uploads\/2026\/04\/alabao-logo-mouv-2-1.mp4#t=0\">\n\t<\/video>\n\t\t\t\t<\/div>\n\t\t\t\t\t<\/div>\n\t\t\t\t<\/div>\n\t\t<div class=\"elementor-element elementor-element-4f001ea e-flex e-con-boxed e-con e-parent\" data-id=\"4f001ea\" data-element_type=\"container\" data-e-type=\"container\">\n\t\t\t\t\t<div class=\"e-con-inner\">\n\t\t\t\t<div class=\"elementor-element elementor-element-1516f9c8 elementor-widget-mobile__width-inherit elementor-widget elementor-widget-text-editor\" data-id=\"1516f9c8\" data-element_type=\"widget\" data-e-type=\"widget\" data-widget_type=\"text-editor.default\">\n\t\t\t\t\t\t\t\t\t<p data-start=\"241\" data-end=\"361\">G\u00e9n\u00e9rer du trafic ne suffit pas.<br data-start=\"273\" data-end=\"276\" \/>Si vos visiteurs ne passent pas \u00e0 l\u2019action, vous perdez des opportunit\u00e9s chaque jour.<\/p>\n<p data-start=\"363\" data-end=\"511\">Chez <span class=\"hover:entity-accent entity-underline inline cursor-pointer align-baseline\"><span class=\"whitespace-normal\">Alabao Solutions<\/span><\/span>, nous optimisons chaque \u00e9tape de votre parcours pour transformer vos visiteurs en leads, puis en clients.<\/p>\n<hr data-start=\"513\" data-end=\"516\" \/>\n<h3 data-section-id=\"1bgp0er\" data-start=\"518\" data-end=\"558\"><img decoding=\"async\" class=\"emoji\" role=\"img\" draggable=\"false\" src=\"https:\/\/s.w.org\/images\/core\/emoji\/17.0.2\/svg\/1f50d.svg\" alt=\"\ud83d\udd0d\" \/> Identifier les points de friction<\/h3>\n<p data-start=\"560\" data-end=\"612\">Avant d\u2019optimiser, il faut comprendre ce qui bloque.<\/p>\n<p data-start=\"614\" data-end=\"630\">Nous analysons :<\/p>\n<ul data-start=\"632\" data-end=\"777\">\n<li data-section-id=\"1lj7kva\" data-start=\"632\" data-end=\"668\">Le comportement des utilisateurs<\/li>\n<li data-section-id=\"v9qtjt\" data-start=\"669\" data-end=\"723\">Les pages cl\u00e9s (landing pages, tunnel, formulaire)<\/li>\n<li data-section-id=\"w84n96\" data-start=\"724\" data-end=\"748\">Les points de sortie<\/li>\n<li data-section-id=\"gtg0sm\" data-start=\"749\" data-end=\"777\">Les freins \u00e0 la d\u00e9cision<\/li>\n<\/ul>\n<p data-start=\"779\" data-end=\"845\">\u00a0<\/p>\n<p data-start=\"779\" data-end=\"845\"><img decoding=\"async\" class=\"emoji\" role=\"img\" draggable=\"false\" src=\"https:\/\/s.w.org\/images\/core\/emoji\/17.0.2\/svg\/1f449.svg\" alt=\"\ud83d\udc49\" \/> Objectif : d\u00e9tecter pr\u00e9cis\u00e9ment o\u00f9 vous perdez des conversions.<\/p>\n<hr data-start=\"847\" data-end=\"850\" \/>\n<h3 data-section-id=\"1ygol7h\" data-start=\"852\" data-end=\"896\"><img decoding=\"async\" class=\"emoji\" role=\"img\" draggable=\"false\" src=\"https:\/\/s.w.org\/images\/core\/emoji\/17.0.2\/svg\/1f9ea.svg\" alt=\"\ud83e\uddea\" \/> Tester, mesurer, am\u00e9liorer en continu<\/h3>\n<p data-start=\"898\" data-end=\"956\">La conversion n\u2019est pas une intuition, c\u2019est un processus.<\/p>\n<p data-start=\"958\" data-end=\"981\">Nous mettons en place :<\/p>\n<ul data-start=\"983\" data-end=\"1137\">\n<li data-section-id=\"8ulou\" data-start=\"983\" data-end=\"1019\">Tests A\/B (pages, messages, CTA)<\/li>\n<li data-section-id=\"1ji6e63\" data-start=\"1020\" data-end=\"1064\">Optimisation des offres et des accroches<\/li>\n<li data-section-id=\"81x207\" data-start=\"1065\" data-end=\"1109\">Am\u00e9lioration de l\u2019exp\u00e9rience utilisateur<\/li>\n<li data-section-id=\"vbpk7j\" data-start=\"1110\" data-end=\"1137\">Ajustement des parcours<\/li>\n<\/ul>\n<p data-start=\"1139\" data-end=\"1198\">\u00a0<\/p>\n<p data-start=\"1139\" data-end=\"1198\"><img decoding=\"async\" class=\"emoji\" role=\"img\" draggable=\"false\" src=\"https:\/\/s.w.org\/images\/core\/emoji\/17.0.2\/svg\/1f449.svg\" alt=\"\ud83d\udc49\" \/> Chaque am\u00e9lioration est bas\u00e9e sur des donn\u00e9es concr\u00e8tes.<\/p>\n<hr data-start=\"1200\" data-end=\"1203\" \/>\n<h3 data-section-id=\"1shy7kc\" data-start=\"1205\" data-end=\"1254\"><img decoding=\"async\" class=\"emoji\" role=\"img\" draggable=\"false\" src=\"https:\/\/s.w.org\/images\/core\/emoji\/17.0.2\/svg\/1f3af.svg\" alt=\"\ud83c\udfaf\" \/> Optimiser les \u00e9l\u00e9ments cl\u00e9s de performance<\/h3>\n<p data-start=\"1256\" data-end=\"1315\">Nous intervenons sur les leviers qui ont le plus d\u2019impact :<\/p>\n<ul data-start=\"1317\" data-end=\"1483\">\n<li data-section-id=\"16q5pku\" data-start=\"1317\" data-end=\"1358\">Clart\u00e9 de votre proposition de valeur<\/li>\n<li data-section-id=\"15ki3li\" data-start=\"1359\" data-end=\"1385\">Structure de vos pages<\/li>\n<li data-section-id=\"1xv6va0\" data-start=\"1386\" data-end=\"1410\">Call-to-action (CTA)<\/li>\n<li data-section-id=\"58lrj6\" data-start=\"1411\" data-end=\"1456\">Preuves sociales (cas clients, r\u00e9sultats)<\/li>\n<li data-section-id=\"17kcq9j\" data-start=\"1457\" data-end=\"1483\">Simplicit\u00e9 du parcours<\/li>\n<\/ul>\n<p data-start=\"1485\" data-end=\"1566\">\u00a0<\/p>\n<p data-start=\"1485\" data-end=\"1566\"><img decoding=\"async\" class=\"emoji\" role=\"img\" draggable=\"false\" src=\"https:\/\/s.w.org\/images\/core\/emoji\/17.0.2\/svg\/1f449.svg\" alt=\"\ud83d\udc49\" \/> De petites optimisations peuvent g\u00e9n\u00e9rer de fortes augmentations de r\u00e9sultats.<\/p>\n<hr data-start=\"1568\" data-end=\"1571\" \/>\n<h3 data-section-id=\"1uwx99c\" data-start=\"1573\" data-end=\"1621\"><img decoding=\"async\" class=\"emoji\" role=\"img\" draggable=\"false\" src=\"https:\/\/s.w.org\/images\/core\/emoji\/17.0.2\/svg\/1f4a1.svg\" alt=\"\ud83d\udca1\" \/> Transformer plus sans augmenter le trafic<\/h3>\n<p data-start=\"1623\" data-end=\"1702\">L\u2019un des leviers les plus rentables consiste \u00e0 am\u00e9liorer ce que vous avez d\u00e9j\u00e0.<\/p>\n<p data-start=\"1704\" data-end=\"1716\"><img decoding=\"async\" class=\"emoji\" role=\"img\" draggable=\"false\" src=\"https:\/\/s.w.org\/images\/core\/emoji\/17.0.2\/svg\/1f449.svg\" alt=\"\ud83d\udc49\" \/> Exemple :<\/p>\n<ul data-start=\"1718\" data-end=\"1796\">\n<li data-section-id=\"1p5mztz\" data-start=\"1718\" data-end=\"1758\">+20% de conversion = +20% de clients<\/li>\n<li data-section-id=\"afgjjh\" data-start=\"1759\" data-end=\"1796\">sans d\u00e9penser plus en acquisition<\/li>\n<\/ul>\n<p data-start=\"1798\" data-end=\"1854\">\u00a0<\/p>\n<p data-start=\"1798\" data-end=\"1854\"><img decoding=\"async\" class=\"emoji\" role=\"img\" draggable=\"false\" src=\"https:\/\/s.w.org\/images\/core\/emoji\/17.0.2\/svg\/1f449.svg\" alt=\"\ud83d\udc49\" \/> R\u00e9sultat : une croissance plus rentable et ma\u00eetris\u00e9e.<\/p>\n<hr data-start=\"1856\" data-end=\"1859\" \/>\n<h3 data-section-id=\"1n5thil\" data-start=\"1861\" data-end=\"1899\"><img decoding=\"async\" class=\"emoji\" role=\"img\" draggable=\"false\" src=\"https:\/\/s.w.org\/images\/core\/emoji\/17.0.2\/svg\/1f91d.svg\" alt=\"\ud83e\udd1d\" \/> Une approche orient\u00e9e r\u00e9sultats<\/h3>\n<p data-start=\"1901\" data-end=\"2001\">Nous ne cherchons pas seulement \u00e0 am\u00e9liorer vos pages, mais \u00e0 <strong data-start=\"1963\" data-end=\"1999\">augmenter vos r\u00e9sultats business<\/strong> :<\/p>\n<ul data-start=\"2003\" data-end=\"2088\">\n<li data-section-id=\"ofyoc9\" data-start=\"2003\" data-end=\"2030\">Plus de leads qualifi\u00e9s<\/li>\n<li data-section-id=\"59hyjw\" data-start=\"2031\" data-end=\"2049\">Plus de ventes<\/li>\n<li data-section-id=\"1bvw92x\" data-start=\"2050\" data-end=\"2088\">Meilleur retour sur investissement<\/li>\n<\/ul>\n<p data-start=\"2090\" data-end=\"2162\">\u00a0<\/p>\n<p data-start=\"2090\" data-end=\"2162\"><img decoding=\"async\" class=\"emoji\" role=\"img\" draggable=\"false\" src=\"https:\/\/s.w.org\/images\/core\/emoji\/17.0.2\/svg\/1f449.svg\" alt=\"\ud83d\udc49\" \/> Objectif : transformer votre site en v\u00e9ritable levier de performance.<\/p>\n<p data-start=\"2192\" data-end=\"2300\">\ud83d\udc49 Vous souhaitez am\u00e9liorer votre taux de conversion et g\u00e9n\u00e9rer plus de r\u00e9sultats avec votre trafic actuel ?<\/p>\n<p data-start=\"2302\" data-end=\"2377\"><strong data-start=\"2302\" data-end=\"2332\">\u27a1\ufe0f \u00c9changer avec un expert<\/strong><br data-start=\"2332\" data-end=\"2335\" \/><strong data-start=\"2335\" data-end=\"2377\">\u27a1\ufe0f Ou poser votre question via le chat<\/strong><\/p>\t\t\t\t\t\t\t\t<\/div>\n\t\t\t\t\t<\/div>\n\t\t\t\t<\/div>\n\t\t<div class=\"elementor-element elementor-element-741e703c e-flex e-con-boxed e-con e-parent\" data-id=\"741e703c\" data-element_type=\"container\" data-e-type=\"container\">\n\t\t\t\t\t<div class=\"e-con-inner\">\n\t\t<div class=\"elementor-element elementor-element-6780c769 e-con-full e-flex e-con e-child\" data-id=\"6780c769\" data-element_type=\"container\" data-e-type=\"container\">\n\t\t\t\t<div class=\"elementor-element elementor-element-4c616a14 elementor-align-center elementor-invisible elementor-widget elementor-widget-button\" data-id=\"4c616a14\" data-element_type=\"widget\" data-e-type=\"widget\" data-settings=\"{&quot;_animation&quot;:&quot;fadeIn&quot;,&quot;_animation_delay&quot;:400}\" data-widget_type=\"button.default\">\n\t\t\t\t\t\t\t\t\t\t<a class=\"elementor-button elementor-button-link elementor-size-sm\" href=\"#\">\n\t\t\t\t\t\t<span class=\"elementor-button-content-wrapper\">\n\t\t\t\t\t\t\t\t\t<span class=\"elementor-button-text\">Contactez un expert<\/span>\n\t\t\t\t\t<\/span>\n\t\t\t\t\t<\/a>\n\t\t\t\t\t\t\t\t<\/div>\n\t\t\t\t<\/div>\n\t\t<div class=\"elementor-element elementor-element-77e5a738 e-con-full e-flex e-con e-child\" data-id=\"77e5a738\" data-element_type=\"container\" data-e-type=\"container\">\n\t\t\t\t<div class=\"elementor-element elementor-element-bed21a3 elementor-flip-box--effect-fade elementor-widget__width-initial elementor-widget-mobile__width-inherit elementor-widget elementor-widget-flip-box\" data-id=\"bed21a3\" data-element_type=\"widget\" data-e-type=\"widget\" data-widget_type=\"flip-box.default\">\n\t\t\t\t\t\t\t<div class=\"elementor-flip-box\" tabindex=\"0\">\n\t\t\t<div class=\"elementor-flip-box__layer elementor-flip-box__front\">\n\t\t\t\t<div class=\"elementor-flip-box__layer__overlay\">\n\t\t\t\t\t<div class=\"elementor-flip-box__layer__inner\">\n\t\t\t\t\t\t\t\t\t\t\t\t\t<div class=\"elementor-icon-wrapper elementor-view-default\">\n\t\t\t\t\t\t\t\t<div class=\"elementor-icon\">\n\t\t\t\t\t\t\t\t\t\t\t\t\t\t\t\t\t<\/div>\n\t\t\t\t\t\t\t<\/div>\n\t\t\t\t\t\t\n\t\t\t\t\t\t\n\t\t\t\t\t\t\t\t\t\t\t<\/div>\n\t\t\t\t<\/div>\n\t\t\t<\/div>\n\t\t\t<div class=\"elementor-flip-box__layer elementor-flip-box__back\">\n\t\t\t<div class=\"elementor-flip-box__layer__overlay\">\n\t\t\t\t<div class=\"elementor-flip-box__layer__inner\">\n\t\t\t\t\t\t\t\t\t\t\t<h3 class=\"elementor-flip-box__layer__title\">\n\t\t\t\t\t\t\tConsultation Gratuite\t\t\t\t\t\t<\/h3>\n\t\t\t\t\t\n\t\t\t\t\t\n\t\t\t\t\t\t\t\t\t\t\t<a class=\"elementor-flip-box__button elementor-button elementor-size-sm\">\n\t\t\t\t\t\t\tEn Savoir Plus\t\t\t\t\t\t<\/a>\n\t\t\t\t\t\t\t\t<\/div>\n\t\t<\/div>\n\t\t<\/div>\n\t\t<\/div>\n\t\t\t\t\t\t<\/div>\n\t\t\t\t<div class=\"elementor-element elementor-element-75ab88d4 elementor-flip-box--effect-fade elementor-widget__width-initial elementor-widget-mobile__width-inherit elementor-widget elementor-widget-flip-box\" data-id=\"75ab88d4\" data-element_type=\"widget\" data-e-type=\"widget\" data-widget_type=\"flip-box.default\">\n\t\t\t\t\t\t\t<div class=\"elementor-flip-box\" tabindex=\"0\">\n\t\t\t<div class=\"elementor-flip-box__layer elementor-flip-box__front\">\n\t\t\t\t<div class=\"elementor-flip-box__layer__overlay\">\n\t\t\t\t\t<div class=\"elementor-flip-box__layer__inner\">\n\t\t\t\t\t\t\t\t\t\t\t\t\t<div class=\"elementor-icon-wrapper elementor-view-default\">\n\t\t\t\t\t\t\t\t<div class=\"elementor-icon\">\n\t\t\t\t\t\t\t\t\t\t\t\t\t\t\t\t\t<\/div>\n\t\t\t\t\t\t\t<\/div>\n\t\t\t\t\t\t\n\t\t\t\t\t\t\n\t\t\t\t\t\t\t\t\t\t\t<\/div>\n\t\t\t\t<\/div>\n\t\t\t<\/div>\n\t\t\t<div class=\"elementor-flip-box__layer elementor-flip-box__back\">\n\t\t\t<div class=\"elementor-flip-box__layer__overlay\">\n\t\t\t\t<div class=\"elementor-flip-box__layer__inner\">\n\t\t\t\t\t\t\t\t\t\t\t<h3 class=\"elementor-flip-box__layer__title\">\n\t\t\t\t\t\t\tStrat\u00e9gie Personnalis\u00e9e\t\t\t\t\t\t<\/h3>\n\t\t\t\t\t\n\t\t\t\t\t\n\t\t\t\t\t\t\t\t\t\t\t<a class=\"elementor-flip-box__button elementor-button elementor-size-sm\">\n\t\t\t\t\t\t\t\u00c0 D\u00e9couvrir\t\t\t\t\t\t<\/a>\n\t\t\t\t\t\t\t\t<\/div>\n\t\t<\/div>\n\t\t<\/div>\n\t\t<\/div>\n\t\t\t\t\t\t<\/div>\n\t\t\t\t<div class=\"elementor-element elementor-element-2982d223 elementor-flip-box--effect-fade elementor-widget__width-initial elementor-widget-mobile__width-inherit elementor-widget elementor-widget-flip-box\" data-id=\"2982d223\" data-element_type=\"widget\" data-e-type=\"widget\" data-widget_type=\"flip-box.default\">\n\t\t\t\t\t\t\t<div class=\"elementor-flip-box\" tabindex=\"0\">\n\t\t\t<div class=\"elementor-flip-box__layer elementor-flip-box__front\">\n\t\t\t\t<div class=\"elementor-flip-box__layer__overlay\">\n\t\t\t\t\t<div class=\"elementor-flip-box__layer__inner\">\n\t\t\t\t\t\t\t\t\t\t\t\t\t<div class=\"elementor-icon-wrapper elementor-view-default\">\n\t\t\t\t\t\t\t\t<div class=\"elementor-icon\">\n\t\t\t\t\t\t\t\t\t\t\t\t\t\t\t\t\t<\/div>\n\t\t\t\t\t\t\t<\/div>\n\t\t\t\t\t\t\n\t\t\t\t\t\t\n\t\t\t\t\t\t\t\t\t\t\t<\/div>\n\t\t\t\t<\/div>\n\t\t\t<\/div>\n\t\t\t<div class=\"elementor-flip-box__layer elementor-flip-box__back\">\n\t\t\t<div class=\"elementor-flip-box__layer__overlay\">\n\t\t\t\t<div class=\"elementor-flip-box__layer__inner\">\n\t\t\t\t\t\t\t\t\t\t\t<h3 class=\"elementor-flip-box__layer__title\">\n\t\t\t\t\t\t\tSolutions Innovantes\t\t\t\t\t\t<\/h3>\n\t\t\t\t\t\n\t\t\t\t\t\n\t\t\t\t\t\t\t\t\t\t\t<a class=\"elementor-flip-box__button elementor-button elementor-size-sm\">\n\t\t\t\t\t\t\tExplorer\t\t\t\t\t\t<\/a>\n\t\t\t\t\t\t\t\t<\/div>\n\t\t<\/div>\n\t\t<\/div>\n\t\t<\/div>\n\t\t\t\t\t\t<\/div>\n\t\t\t\t<div class=\"elementor-element elementor-element-29f77950 elementor-flip-box--effect-fade elementor-widget__width-initial elementor-widget-mobile__width-inherit elementor-widget elementor-widget-flip-box\" data-id=\"29f77950\" data-element_type=\"widget\" data-e-type=\"widget\" data-widget_type=\"flip-box.default\">\n\t\t\t\t\t\t\t<div class=\"elementor-flip-box\" tabindex=\"0\">\n\t\t\t<div class=\"elementor-flip-box__layer elementor-flip-box__front\">\n\t\t\t\t<div class=\"elementor-flip-box__layer__overlay\">\n\t\t\t\t\t<div class=\"elementor-flip-box__layer__inner\">\n\t\t\t\t\t\t\t\t\t\t\t\t\t<div class=\"elementor-icon-wrapper elementor-view-default\">\n\t\t\t\t\t\t\t\t<div class=\"elementor-icon\">\n\t\t\t\t\t\t\t\t\t\t\t\t\t\t\t\t\t<\/div>\n\t\t\t\t\t\t\t<\/div>\n\t\t\t\t\t\t\n\t\t\t\t\t\t\n\t\t\t\t\t\t\t\t\t\t\t<\/div>\n\t\t\t\t<\/div>\n\t\t\t<\/div>\n\t\t\t<div class=\"elementor-flip-box__layer elementor-flip-box__back\">\n\t\t\t<div class=\"elementor-flip-box__layer__overlay\">\n\t\t\t\t<div class=\"elementor-flip-box__layer__inner\">\n\t\t\t\t\t\t\t\t\t\t\t<h3 class=\"elementor-flip-box__layer__title\">\n\t\t\t\t\t\t\tSuivi Personnalis\u00e9\t\t\t\t\t\t<\/h3>\n\t\t\t\t\t\n\t\t\t\t\t\n\t\t\t\t\t\t\t\t\t\t\t<a class=\"elementor-flip-box__button elementor-button elementor-size-sm\">\n\t\t\t\t\t\t\tContactez-Nous\t\t\t\t\t\t<\/a>\n\t\t\t\t\t\t\t\t<\/div>\n\t\t<\/div>\n\t\t<\/div>\n\t\t<\/div>\n\t\t\t\t\t\t<\/div>\n\t\t\t\t<div class=\"elementor-element elementor-element-5c2b2ce5 elementor-flip-box--effect-fade elementor-widget__width-initial elementor-widget-mobile__width-inherit elementor-widget elementor-widget-flip-box\" data-id=\"5c2b2ce5\" data-element_type=\"widget\" data-e-type=\"widget\" data-widget_type=\"flip-box.default\">\n\t\t\t\t\t\t\t<div class=\"elementor-flip-box\" tabindex=\"0\">\n\t\t\t<div class=\"elementor-flip-box__layer elementor-flip-box__front\">\n\t\t\t\t<div class=\"elementor-flip-box__layer__overlay\">\n\t\t\t\t\t<div class=\"elementor-flip-box__layer__inner\">\n\t\t\t\t\t\t\t\t\t\t\t\t\t<div class=\"elementor-icon-wrapper elementor-view-default\">\n\t\t\t\t\t\t\t\t<div class=\"elementor-icon\">\n\t\t\t\t\t\t\t\t\t\t\t\t\t\t\t\t\t<\/div>\n\t\t\t\t\t\t\t<\/div>\n\t\t\t\t\t\t\n\t\t\t\t\t\t\n\t\t\t\t\t\t\t\t\t\t\t<\/div>\n\t\t\t\t<\/div>\n\t\t\t<\/div>\n\t\t\t<div class=\"elementor-flip-box__layer elementor-flip-box__back\">\n\t\t\t<div class=\"elementor-flip-box__layer__overlay\">\n\t\t\t\t<div class=\"elementor-flip-box__layer__inner\">\n\t\t\t\t\t\t\t\t\t\t\t<h3 class=\"elementor-flip-box__layer__title\">\n\t\t\t\t\t\t\tOptimisation des Processus\t\t\t\t\t\t<\/h3>\n\t\t\t\t\t\n\t\t\t\t\t\n\t\t\t\t\t\t\t\t\t\t\t<a class=\"elementor-flip-box__button elementor-button elementor-size-sm\">\n\t\t\t\t\t\t\tD\u00e9couvrez Plus\t\t\t\t\t\t<\/a>\n\t\t\t\t\t\t\t\t<\/div>\n\t\t<\/div>\n\t\t<\/div>\n\t\t<\/div>\n\t\t\t\t\t\t<\/div>\n\t\t\t\t<div class=\"elementor-element elementor-element-2ef04d74 elementor-flip-box--effect-fade elementor-widget__width-initial elementor-widget-mobile__width-inherit elementor-widget elementor-widget-flip-box\" data-id=\"2ef04d74\" data-element_type=\"widget\" data-e-type=\"widget\" data-widget_type=\"flip-box.default\">\n\t\t\t\t\t\t\t<div class=\"elementor-flip-box\" tabindex=\"0\">\n\t\t\t<div class=\"elementor-flip-box__layer elementor-flip-box__front\">\n\t\t\t\t<div class=\"elementor-flip-box__layer__overlay\">\n\t\t\t\t\t<div class=\"elementor-flip-box__layer__inner\">\n\t\t\t\t\t\t\t\t\t\t\t\t\t<div class=\"elementor-icon-wrapper elementor-view-default\">\n\t\t\t\t\t\t\t\t<div class=\"elementor-icon\">\n\t\t\t\t\t\t\t\t\t\t\t\t\t\t\t\t\t<\/div>\n\t\t\t\t\t\t\t<\/div>\n\t\t\t\t\t\t\n\t\t\t\t\t\t\n\t\t\t\t\t\t\t\t\t\t\t<\/div>\n\t\t\t\t<\/div>\n\t\t\t<\/div>\n\t\t\t<div class=\"elementor-flip-box__layer elementor-flip-box__back\">\n\t\t\t<div class=\"elementor-flip-box__layer__overlay\">\n\t\t\t\t<div class=\"elementor-flip-box__layer__inner\">\n\t\t\t\t\t\t\t\t\t\t\t<h3 class=\"elementor-flip-box__layer__title\">\n\t\t\t\t\t\t\tFormation Sp\u00e9cialis\u00e9e\t\t\t\t\t\t<\/h3>\n\t\t\t\t\t\n\t\t\t\t\t\n\t\t\t\t\t\t\t\t\t\t\t<a class=\"elementor-flip-box__button elementor-button elementor-size-sm\">\n\t\t\t\t\t\t\tObtenez un Devis\t\t\t\t\t\t<\/a>\n\t\t\t\t\t\t\t\t<\/div>\n\t\t<\/div>\n\t\t<\/div>\n\t\t<\/div>\n\t\t\t\t\t\t<\/div>\n\t\t\t\t<div class=\"elementor-element elementor-element-5fcf8a43 elementor-flip-box--effect-fade elementor-widget__width-initial elementor-widget-mobile__width-inherit elementor-widget elementor-widget-flip-box\" data-id=\"5fcf8a43\" data-element_type=\"widget\" data-e-type=\"widget\" data-widget_type=\"flip-box.default\">\n\t\t\t\t\t\t\t<div class=\"elementor-flip-box\" tabindex=\"0\">\n\t\t\t<div class=\"elementor-flip-box__layer elementor-flip-box__front\">\n\t\t\t\t<div class=\"elementor-flip-box__layer__overlay\">\n\t\t\t\t\t<div class=\"elementor-flip-box__layer__inner\">\n\t\t\t\t\t\t\t\t\t\t\t\t\t<div class=\"elementor-icon-wrapper elementor-view-default\">\n\t\t\t\t\t\t\t\t<div class=\"elementor-icon\">\n\t\t\t\t\t\t\t\t\t\t\t\t\t\t\t\t\t<\/div>\n\t\t\t\t\t\t\t<\/div>\n\t\t\t\t\t\t\n\t\t\t\t\t\t\n\t\t\t\t\t\t\t\t\t\t\t<\/div>\n\t\t\t\t<\/div>\n\t\t\t<\/div>\n\t\t\t<div class=\"elementor-flip-box__layer elementor-flip-box__back\">\n\t\t\t<div class=\"elementor-flip-box__layer__overlay\">\n\t\t\t\t<div class=\"elementor-flip-box__layer__inner\">\n\t\t\t\t\t\t\t\t\t\t\t<h3 class=\"elementor-flip-box__layer__title\">\n\t\t\t\t\t\t\tSupport Continu\t\t\t\t\t\t<\/h3>\n\t\t\t\t\t\n\t\t\t\t\t\n\t\t\t\t\t\t\t\t\t\t\t<a class=\"elementor-flip-box__button elementor-button elementor-size-sm\">\n\t\t\t\t\t\t\tFaites le Premier Pas\t\t\t\t\t\t<\/a>\n\t\t\t\t\t\t\t\t<\/div>\n\t\t<\/div>\n\t\t<\/div>\n\t\t<\/div>\n\t\t\t\t\t\t<\/div>\n\t\t\t\t<div class=\"elementor-element elementor-element-3c52314f elementor-flip-box--effect-fade elementor-widget__width-initial elementor-widget-mobile__width-inherit elementor-widget elementor-widget-flip-box\" data-id=\"3c52314f\" data-element_type=\"widget\" data-e-type=\"widget\" data-widget_type=\"flip-box.default\">\n\t\t\t\t\t\t\t<div class=\"elementor-flip-box\" tabindex=\"0\">\n\t\t\t<div class=\"elementor-flip-box__layer elementor-flip-box__front\">\n\t\t\t\t<div class=\"elementor-flip-box__layer__overlay\">\n\t\t\t\t\t<div class=\"elementor-flip-box__layer__inner\">\n\t\t\t\t\t\t\t\t\t\t\t\t\t<div class=\"elementor-icon-wrapper elementor-view-default\">\n\t\t\t\t\t\t\t\t<div class=\"elementor-icon\">\n\t\t\t\t\t\t\t\t\t\t\t\t\t\t\t\t\t<\/div>\n\t\t\t\t\t\t\t<\/div>\n\t\t\t\t\t\t\n\t\t\t\t\t\t\n\t\t\t\t\t\t\t\t\t\t\t<\/div>\n\t\t\t\t<\/div>\n\t\t\t<\/div>\n\t\t\t<div class=\"elementor-flip-box__layer elementor-flip-box__back\">\n\t\t\t<div class=\"elementor-flip-box__layer__overlay\">\n\t\t\t\t<div class=\"elementor-flip-box__layer__inner\">\n\t\t\t\t\t\t\t\t\t\t\t<h3 class=\"elementor-flip-box__layer__title\">\n\t\t\t\t\t\t\tServices Personnalis\u00e9s\t\t\t\t\t\t<\/h3>\n\t\t\t\t\t\n\t\t\t\t\t\n\t\t\t\t\t\t\t\t\t\t\t<a class=\"elementor-flip-box__button elementor-button elementor-size-sm\">\n\t\t\t\t\t\t\tEn Savoir Plus\t\t\t\t\t\t<\/a>\n\t\t\t\t\t\t\t\t<\/div>\n\t\t<\/div>\n\t\t<\/div>\n\t\t<\/div>\n\t\t\t\t\t\t<\/div>\n\t\t\t\t<\/div>\n\t\t\t\t\t<\/div>\n\t\t\t\t<\/div>\n\t\t\t\t<\/div>\n\t\t","protected":false},"excerpt":{"rendered":"<p>\ud83d\udcc8 Optimisation de la conversion pour maximiser vos r\u00e9sultats G\u00e9n\u00e9rer du trafic ne suffit pas.Si vos visiteurs ne passent pas \u00e0 l\u2019action, vous perdez des opportunit\u00e9s chaque jour. Chez Alabao Solutions, nous optimisons chaque \u00e9tape de votre parcours pour transformer vos visiteurs en leads, puis en clients. Identifier les points de friction Avant d\u2019optimiser, il [&hellip;]<\/p>\n","protected":false},"author":1,"featured_media":72,"parent":0,"menu_order":0,"comment_status":"closed","ping_status":"closed","template":"","meta":{"_acf_changed":false,"footnotes":""},"class_list":["post-1026","page","type-page","status-publish","has-post-thumbnail","hentry"],"acf":[],"_links":{"self":[{"href":"https:\/\/alabaosolutions.com\/index.php?rest_route=\/wp\/v2\/pages\/1026","targetHints":{"allow":["GET"]}}],"collection":[{"href":"https:\/\/alabaosolutions.com\/index.php?rest_route=\/wp\/v2\/pages"}],"about":[{"href":"https:\/\/alabaosolutions.com\/index.php?rest_route=\/wp\/v2\/types\/page"}],"author":[{"embeddable":true,"href":"https:\/\/alabaosolutions.com\/index.php?rest_route=\/wp\/v2\/users\/1"}],"replies":[{"embeddable":true,"href":"https:\/\/alabaosolutions.com\/index.php?rest_route=%2Fwp%2Fv2%2Fcomments&post=1026"}],"version-history":[{"count":9,"href":"https:\/\/alabaosolutions.com\/index.php?rest_route=\/wp\/v2\/pages\/1026\/revisions"}],"predecessor-version":[{"id":1513,"href":"https:\/\/alabaosolutions.com\/index.php?rest_route=\/wp\/v2\/pages\/1026\/revisions\/1513"}],"wp:featuredmedia":[{"embeddable":true,"href":"https:\/\/alabaosolutions.com\/index.php?rest_route=\/wp\/v2\/media\/72"}],"wp:attachment":[{"href":"https:\/\/alabaosolutions.com\/index.php?rest_route=%2Fwp%2Fv2%2Fmedia&parent=1026"}],"curies":[{"name":"wp","href":"https:\/\/api.w.org\/{rel}","templated":true}]}}